{"id":12,"date":"2020-12-19T19:05:21","date_gmt":"2020-12-19T19:05:21","guid":{"rendered":"https:\/\/tremmel-bachner.de\/?page_id=12"},"modified":"2020-12-20T15:51:56","modified_gmt":"2020-12-20T15:51:56","slug":"startseite","status":"publish","type":"page","link":"https:\/\/annyscakeheaven.de\/","title":{"rendered":"Startseite"},"content":{"rendered":"<p>Herzlich willkommen auf meiner Website!<\/p>\n<p>Mein Motto ist &#8230;<br>\n<em>&#8222;Das Leben ist viel zu kurz, als es mit schlechtem Kuchen zu vergeuden !!!&#8220;<\/em><\/p>\n<p>Als ich 2018 eher zuf\u00e4llig die wohl bekannteste Backshow gesehen habe, hat mich die Lust zum Backen gepackt und ich konnte die Finger nicht mehr von Eier, Mehl, Zucker etc. lassen. In jeder freien Minute wollte ich irgendetwas backen um m\u00f6glichst schnell genau so tolle Kreationen zaubern zu k\u00f6nnen als die Kandidaten im Fernsehen. Seit dieser Zeit f\u00fcllt sich unser Hausstand mit immer mehr &#8222;lebensnotwendigen&#8220; Utensilien zum Backen. Es ist einfach sch\u00f6n zu sehen was man sch\u00f6nes erschaffen kann und damit ein L\u00e4cheln in die Gesichter und Herzen der Leute zu zaubern!<\/p>\n","protected":false},"excerpt":{"rendered":"<p>Herzlich willkommen auf meiner Website! Mein Motto ist &#8230; &#8222;Das Leben ist viel zu kurz, als es mit schlechtem Kuchen zu vergeuden !!!&#8220; Als ich 2018 eher zuf\u00e4llig die wohl bekannteste Backshow gesehen habe, hat mich die Lust zum Backen gepackt und ich konnte die Finger nicht mehr von Eier, Mehl, Zucker etc. lassen. In &hellip; <\/p>\n<p class=\"link-more\"><a href=\"https:\/\/annyscakeheaven.de\/\" class=\"more-link\"><span class=\"screen-reader-text\">\u201eStartseite\u201c <\/span>weiterlesen<\/a><\/p>\n","protected":false},"author":1,"featured_media":73,"parent":0,"menu_order":0,"comment_status":"closed","ping_status":"closed","template":"","meta":[],"_links":{"self":[{"href":"https:\/\/annyscakeheaven.de\/index.php?rest_route=\/wp\/v2\/pages\/12"}],"collection":[{"href":"https:\/\/annyscakeheaven.de\/index.php?rest_route=\/wp\/v2\/pages"}],"about":[{"href":"https:\/\/annyscakeheaven.de\/index.php?rest_route=\/wp\/v2\/types\/page"}],"author":[{"embeddable":true,"href":"https:\/\/annyscakeheaven.de\/index.php?rest_route=\/wp\/v2\/users\/1"}],"replies":[{"embeddable":true,"href":"https:\/\/annyscakeheaven.de\/index.php?rest_route=%2Fwp%2Fv2%2Fcomments&post=12"}],"version-history":[{"count":0,"href":"https:\/\/annyscakeheaven.de\/index.php?rest_route=\/wp\/v2\/pages\/12\/revisions"}],"wp:featuredmedia":[{"embeddable":true,"href":"https:\/\/annyscakeheaven.de\/index.php?rest_route=\/wp\/v2\/media\/73"}],"wp:attachment":[{"href":"https:\/\/annyscakeheaven.de\/index.php?rest_route=%2Fwp%2Fv2%2Fmedia&parent=12"}],"curies":[{"name":"wp","href":"https:\/\/api.w.org\/{rel}","templated":true}]}}